{"id":3,"date":"2022-03-11T04:27:00","date_gmt":"2022-03-11T04:27:00","guid":{"rendered":"http:\/\/abogalinehonduras.com\/?page_id=3"},"modified":"2022-12-02T03:01:34","modified_gmt":"2022-12-02T03:01:34","slug":"politica-privacidad","status":"publish","type":"page","link":"https:\/\/abogalinehonduras.com\/index.php\/politica-privacidad\/","title":{"rendered":"Pol\u00edtica de privacidad"},"content":{"rendered":"\n<h1 class=\"wp-block-heading\">Pol\u00edtica de Privacidad<\/h1>\n\n\n\n<p>Las cookies permiten a una p\u00e1gina web, entre otras cosas, almacenar y recuperar informaci\u00f3n sobre los h\u00e1bitos de navegaci\u00f3n de un usuario o de su equipo y, dependiendo de la informaci\u00f3n que contengan y de la forma en que utilice su equipo, pueden utilizarse para reconocer al usuario. ABOGALINE y DOCLINE podr\u00e1 recurrir al uso de cookies para mejorar la personalizaci\u00f3n del uso de la web. Las cookies as\u00ed empleadas s\u00f3lo recaban informaci\u00f3n del ordenador y datos de uso del usuario, quien podr\u00e1 configurar los navegadores que utilice en orden a evitar el empleo de las cookies utilizadas por ABOGALINE y DOCLINE emplea las siguientes cookies:<\/p>\n\n\n\n<figure class=\"wp-block-table\"><table><tbody><tr><td><strong>Cookie<\/strong><\/td><td><strong>Finalidad<\/strong><\/td><td><strong>Descripci\u00f3n<\/strong><\/td><td><strong>Persistencia<\/strong><\/td><td><strong>Seg<\/strong><\/td><td><strong>\u00c1mbito<\/strong><\/td><\/tr><tr><td>Google<\/td><td>t\u00e9cnicas, de personalizaci\u00f3n, publicitarias y de an\u00e1lisis<\/td><td>Si desea m\u00e1s informaci\u00f3n al respecto, puede visitar la siguiente URL:&nbsp;<a href=\"https:\/\/developers.google.com\/analytics\/devguides\/collection\/analyticsjs\/cookie-usage\" target=\"_blank\" rel=\"noreferrer noopener\"><strong>Google analytics<\/strong><\/a><\/td><td>persistentes<\/td><td>&nbsp;<\/td><td>terceros<\/td><\/tr><tr><td>twitter<\/td><td>t\u00e9cnicos, de an\u00e1lisis y seguimiento<\/td><td>Si desea m\u00e1s informaci\u00f3n al respecto, puede visitar la siguiente URL:&nbsp;<a href=\"https:\/\/twitter.com\/privacy\" target=\"_blank\" rel=\"noreferrer noopener\"><strong>https:\/\/twitter.com\/privacy<\/strong><\/a><\/td><td>persistentes<\/td><td>&nbsp;<\/td><td>terceros<\/td><\/tr><tr><td>Youtube<\/td><td>an\u00e1lisis y personalizaci\u00f3n<\/td><td>Si desea m\u00e1s informaci\u00f3n al respecto, puede visitar la siguiente URL:&nbsp;<a href=\"https:\/\/www.google.com\/policies\/privacy\/\" target=\"_blank\" rel=\"noreferrer noopener\"><strong>http:\/\/www.google.com\/policies\/privacy\/<\/strong><\/a><\/td><td>persistentes<\/td><td>&nbsp;<\/td><td>terceros<\/td><\/tr><tr><td>Facebook<\/td><td>personalizaci\u00f3n, seguimiento<\/td><td>Personalizaci\u00f3n de la navegaci\u00f3n y seguimiento de las persona que utilizan contenidos sociales. Si desea m\u00e1s informaci\u00f3n al respecto, puede visitar la siguiente URL:&nbsp;<a href=\"https:\/\/www.facebook.com\/help\/cookies\/?ref=sitefooter\" target=\"_blank\" rel=\"noreferrer noopener\"><strong>https:\/\/www.facebook.com\/help\/cookies\/?ref=sitefooter<\/strong><\/a><\/td><td>persistentes<\/td><td>&nbsp;<\/td><td>terceros<\/td><\/tr><tr><td>Linkedin<\/td><td>t\u00e9cnica<\/td><td>Si desea m\u00e1s informaci\u00f3n al respecto, puede visitar la siguiente URL:&nbsp;<a href=\"https:\/\/www.linkedin.com\/legal\/cookie-policy?trk=%7Berror-page%7D-cookie-policy\" target=\"_blank\" rel=\"noreferrer noopener\">https:\/\/www.linkedin.com\/legal\/cookie-policy?trk=%7Berror-page%7D-cookie-policy<\/a><\/td><td>persistentes<\/td><td>&nbsp;<\/td><td>terceros<\/td><\/tr><tr><td>Amazon<\/td><td>&nbsp;<\/td><td>Si desea m\u00e1s informaci\u00f3n al respecto, puede visitar la siguiente URL:&nbsp;<a href=\"https:\/\/www.amazon.es\/gp\/help\/customer\/display.html?nodeId=201890250&amp;ref_=navm_ftr_cookies_notice\" target=\"_blank\" rel=\"noreferrer noopener\">https:\/\/www.amazon.es\/gp\/help\/customer\/display.html?nodeId=201890250&amp;ref_=navm_ftr_cookies_notice<\/a><\/td><td>persistentes<\/td><td>&nbsp;<\/td><td>terceros<\/td><\/tr><\/tbody><\/table><\/figure>\n\n\n\n<p>El usuario puede usted permitir, bloquear o eliminar las cookies instaladas en su equipo mediante la configuraci\u00f3n de las opciones del navegador instalado en su ordenador.<\/p>\n\n\n\n<p>Las cookies ser\u00e1n tratadas por el titular de esta p\u00e1gina web y, en su caso, por entidades a las que se les haya encomendado su tratamiento con finalidades leg\u00edtimas.<\/p>\n\n\n\n<p>Puede consultar la pol\u00edtica de privacidad completa en el Aviso legal.<\/p>\n\n\n\n<h5 class=\"wp-block-heading\"><strong>Desactivaci\u00f3n, eliminaci\u00f3n de las Cookies y revocaci\u00f3n del consentimiento \u201copt out\u201d.<\/strong><\/h5>\n\n\n\n<p>La mayor\u00eda de los navegadores web permite gestionar, en cualquier momento, las preferencias del Usuario sobre el uso de las Cookies. El Usuario puede ajustar su navegador para que rechace Cookies o elimine determinadas Cookies seg\u00fan su criterio.<\/p>\n\n\n\n<p>Para obtener m\u00e1s informaci\u00f3n sobre las Cookies y permitir, bloquear o eliminar las Cookies instaladas en su equipo, el Usuario puede hacerlo mediante la configuraci\u00f3n de las opciones del navegador instalado en su ordenador, siendo el funcionamiento de la siguiente manera:<\/p>\n\n\n\n<p>Si utiliza<strong>&nbsp;Microsoft Internet Explorer<\/strong>, la informaci\u00f3n sobre c\u00f3mo bloquear o eliminar el uso de las cookies puede hacerlo a trav\u00e9s de la opci\u00f3n de men\u00fa Herramientas, seleccionando Opciones de Internet y accediendo a Privacidad y finalmente a Configuraci\u00f3n.<\/p>\n\n\n\n<p>Para m\u00e1s informaci\u00f3n, puede consultar la siguiente URL:<a href=\"http:\/\/windows.microsoft.com\/es-es\/windows7\/how-to-manage-cookies-in-internet-explorer-9\" target=\"_blank\" rel=\"noreferrer noopener\"><strong>&nbsp;http:\/\/windows.microsoft.com\/es-es\/windows7\/how-to-manage-cookies-in-internet-explorer-9<\/strong><\/a>&nbsp;o la Ayuda del navegador con el t\u00e9rmino \u201cCookie\u201d.<\/p>\n\n\n\n<p>Si utiliza<strong>&nbsp;Firefox<\/strong>, la informaci\u00f3n sobre c\u00f3mo bloquear o eliminar el uso de las cookies para Mac puede hacerlo a trav\u00e9s de la opci\u00f3n de men\u00fa Preferencias, seleccionando Privacidad, accediendo al apartado Mostrar Cookies; y para Windows en la opci\u00f3n de men\u00fa Herramientas, seleccionando Opciones, accediendo a Privacidad y luego a Usar una configuraci\u00f3n personalizada para el historial.<\/p>\n\n\n\n<h5 class=\"wp-block-heading\">Para m\u00e1s informaci\u00f3n, puede consultar la siguiente URL:<\/h5>\n\n\n\n<p>Si utiliza&nbsp;<strong>Safari<\/strong>, la informaci\u00f3n sobre c\u00f3mo bloquear o eliminar el uso de las cookies puede hacerlo a trav\u00e9s de la opci\u00f3n de men\u00fa Edici\u00f3n \u00ac Preferencias \u00ac Privacidad y seleccionando las opciones que desee.<\/p>\n\n\n\n<p>Para m\u00e1s informaci\u00f3n, puede consultar el soporte de Apple:&nbsp;<a href=\"http:\/\/www.apple.com\/es\/support\/mac-apps\/safari\/\" target=\"_blank\" rel=\"noreferrer noopener\"><strong>http:\/\/www.apple.com\/es\/support\/mac-apps\/safari\/<\/strong><\/a>&nbsp;o la Ayuda del navegador.<\/p>\n\n\n\n<p>Si utiliza&nbsp;<strong>Google Chrome<\/strong>, , la informaci\u00f3n sobre c\u00f3mo bloquear o eliminar el uso de las cookies puede hacerlo a trav\u00e9s de la opci\u00f3n de men\u00fa Herramientas, seleccionando Configuraci\u00f3n (Preferencias en Mac), accediendo a Avanzadas y luego en la opci\u00f3n Configuraci\u00f3n Contenido de la secci\u00f3n Privacidad, y finalmente seleccionando la configuraci\u00f3n de cookies que desee.<\/p>\n\n\n\n<p>Para m\u00e1s informaci\u00f3n, puede consultar la siguiente URL:&nbsp;<a href=\"https:\/\/support.google.com\/chrome\/answer\/95647?hl=es\" target=\"_blank\" rel=\"noreferrer noopener\"><strong>https:\/\/support.google.com\/chrome\/answer\/95647?hl=es<\/strong><\/a>&nbsp;o la Ayuda del navegador con el t\u00e9rmino \u201cCookie\u201d<\/p>\n","protected":false},"excerpt":{"rendered":"<p>Pol\u00edtica de Privacidad Las cookies permiten a una p\u00e1gina web, entre otras cosas, almacenar y recuperar informaci\u00f3n sobre los h\u00e1bitos de navegaci\u00f3n de un usuario o de su equipo y, dependiendo de la informaci\u00f3n que contengan y de la forma en que utilice su equipo, pueden utilizarse para reconocer al usuario. ABOGALINE y DOCLINE podr\u00e1 [&hellip;]<\/p>\n","protected":false},"author":1,"featured_media":0,"parent":0,"menu_order":0,"comment_status":"closed","ping_status":"open","template":"","meta":{"site-sidebar-layout":"default","site-content-layout":"","ast-site-content-layout":"default","site-content-style":"default","site-sidebar-style":"default","ast-global-header-display":"","ast-banner-title-visibility":"","ast-main-header-display":"","ast-hfb-above-header-display":"","ast-hfb-below-header-display":"","ast-hfb-mobile-header-display":"","site-post-title":"","ast-breadcrumbs-content":"","ast-featured-img":"","footer-sml-layout":"","ast-disable-related-posts":"","theme-transparent-header-meta":"","adv-header-id-meta":"","stick-header-meta":"","header-above-stick-meta":"","header-main-stick-meta":"","header-below-stick-meta":"","astra-migrate-meta-layouts":"default","ast-page-background-enabled":"default","ast-page-background-meta":{"desktop":{"background-color":"","background-image":"","background-repeat":"repeat","background-position":"center center","background-size":"auto","background-attachment":"scroll","background-type":"","background-media":"","overlay-type":"","overlay-color":"","overlay-opacity":"","overlay-gradient":""},"tablet":{"background-color":"","background-image":"","background-repeat":"repeat","background-position":"center center","background-size":"auto","background-attachment":"scroll","background-type":"","background-media":"","overlay-type":"","overlay-color":"","overlay-opacity":"","overlay-gradient":""},"mobile":{"background-color":"","background-image":"","background-repeat":"repeat","background-position":"center center","background-size":"auto","background-attachment":"scroll","background-type":"","background-media":"","overlay-type":"","overlay-color":"","overlay-opacity":"","overlay-gradient":""}},"ast-content-background-meta":{"desktop":{"background-color":"var(--ast-global-color-5)","background-image":"","background-repeat":"repeat","background-position":"center center","background-size":"auto","background-attachment":"scroll","background-type":"","background-media":"","overlay-type":"","overlay-color":"","overlay-opacity":"","overlay-gradient":""},"tablet":{"background-color":"var(--ast-global-color-5)","background-image":"","background-repeat":"repeat","background-position":"center center","background-size":"auto","background-attachment":"scroll","background-type":"","background-media":"","overlay-type":"","overlay-color":"","overlay-opacity":"","overlay-gradient":""},"mobile":{"background-color":"var(--ast-global-color-5)","background-image":"","background-repeat":"repeat","background-position":"center center","background-size":"auto","background-attachment":"scroll","background-type":"","background-media":"","overlay-type":"","overlay-color":"","overlay-opacity":"","overlay-gradient":""}},"footnotes":""},"class_list":["post-3","page","type-page","status-publish","hentry"],"_links":{"self":[{"href":"https:\/\/abogalinehonduras.com\/index.php\/wp-json\/wp\/v2\/pages\/3","targetHints":{"allow":["GET"]}}],"collection":[{"href":"https:\/\/abogalinehonduras.com\/index.php\/wp-json\/wp\/v2\/pages"}],"about":[{"href":"https:\/\/abogalinehonduras.com\/index.php\/wp-json\/wp\/v2\/types\/page"}],"author":[{"embeddable":true,"href":"https:\/\/abogalinehonduras.com\/index.php\/wp-json\/wp\/v2\/users\/1"}],"replies":[{"embeddable":true,"href":"https:\/\/abogalinehonduras.com\/index.php\/wp-json\/wp\/v2\/comments?post=3"}],"version-history":[{"count":1,"href":"https:\/\/abogalinehonduras.com\/index.php\/wp-json\/wp\/v2\/pages\/3\/revisions"}],"predecessor-version":[{"id":1526,"href":"https:\/\/abogalinehonduras.com\/index.php\/wp-json\/wp\/v2\/pages\/3\/revisions\/1526"}],"wp:attachment":[{"href":"https:\/\/abogalinehonduras.com\/index.php\/wp-json\/wp\/v2\/media?parent=3"}],"curies":[{"name":"wp","href":"https:\/\/api.w.org\/{rel}","templated":true}]}}